{"id":309,"date":"2020-01-13T11:17:52","date_gmt":"2020-01-13T11:17:52","guid":{"rendered":"https:\/\/demosites.io\/web-agency-gb\/?page_id=5"},"modified":"2024-03-20T16:20:04","modified_gmt":"2024-03-20T15:20:04","slug":"15c42-web-agency-gb-home","status":"publish","type":"page","link":"https:\/\/sarlsamc.fr\/","title":{"rendered":"Accueil"},"content":{"rendered":"\n<h2 class=\"wp-block-heading\"><strong><em>Location et vente de bungalows de chantier, de containers<\/em><\/strong> et de blocs b\u00e9tons (lego).<\/h2>\n\n\n\n<div class=\"wp-block-cover alignfull is-light\" style=\"min-height:582px\"><span aria-hidden=\"true\" class=\"wp-block-cover__background has-background-dim-0 has-background-dim\"><\/span><img loading=\"lazy\" decoding=\"async\" width=\"2560\" height=\"1920\" class=\"wp-block-cover__image-background wp-image-421\" alt=\"\" src=\"https:\/\/sarlsamc.fr\/wp-content\/uploads\/2024\/03\/Base-de-vie-2-scaled.jpg\" data-object-fit=\"cover\" srcset=\"https:\/\/sarlsamc.fr\/wp-content\/uploads\/2024\/03\/Base-de-vie-2-scaled.jpg 2560w, https:\/\/sarlsamc.fr\/wp-content\/uploads\/2024\/03\/Base-de-vie-2-300x225.jpg 300w, https:\/\/sarlsamc.fr\/wp-content\/uploads\/2024\/03\/Base-de-vie-2-1024x768.jpg 1024w, https:\/\/sarlsamc.fr\/wp-content\/uploads\/2024\/03\/Base-de-vie-2-768x576.jpg 768w, https:\/\/sarlsamc.fr\/wp-content\/uploads\/2024\/03\/Base-de-vie-2-1536x1152.jpg 1536w, https:\/\/sarlsamc.fr\/wp-content\/uploads\/2024\/03\/Base-de-vie-2-2048x1536.jpg 2048w\" sizes=\"(max-width: 2560px) 100vw, 2560px\" \/><div class=\"wp-block-cover__inner-container is-layout-flow wp-block-cover-is-layout-flow\">\n<div style=\"height:80px\" aria-hidden=\"true\" class=\"wp-block-spacer\"><\/div>\n\n\n\n<p class=\"has-text-align-center has-text-color\" style=\"color:#121212;font-size:17px\"><\/p>\n\n\n\n<div style=\"height:80px\" aria-hidden=\"true\" class=\"wp-block-spacer\"><\/div>\n\n\n\n<div style=\"height:80px\" aria-hidden=\"true\" class=\"wp-block-spacer\"><\/div>\n<\/div><\/div>\n\n\n\n<div class=\"wp-block-cover alignfull\" style=\"min-height:600px\"><span aria-hidden=\"true\" class=\"wp-block-cover__background has-nv-light-bg-background-color has-background-dim-100 has-background-dim\"><\/span><div class=\"wp-block-cover__inner-container is-layout-flow wp-block-cover-is-layout-flow\">\n<div class=\"wp-block-group is-layout-flow wp-block-group-is-layout-flow\"><div class=\"wp-block-group__inner-container\">\n<div style=\"height:80px\" aria-hidden=\"true\" class=\"wp-block-spacer\"><\/div>\n\n\n\n<div class=\"wp-block-columns are-vertically-aligned-center is-layout-flex wp-container-core-columns-layout-1 wp-block-columns-is-layout-flex\">\n<div class=\"wp-block-column is-vertically-aligned-center is-layout-flow wp-block-column-is-layout-flow\" style=\"flex-basis:50%\">\n<figure class=\"wp-block-image size-large\"><img loading=\"lazy\" decoding=\"async\" width=\"1024\" height=\"768\" src=\"https:\/\/sarlsamc.fr\/wp-content\/uploads\/2024\/03\/Blocs-betons-3-1024x768.jpg\" alt=\"\" class=\"wp-image-494\" srcset=\"https:\/\/sarlsamc.fr\/wp-content\/uploads\/2024\/03\/Blocs-betons-3-1024x768.jpg 1024w, https:\/\/sarlsamc.fr\/wp-content\/uploads\/2024\/03\/Blocs-betons-3-300x225.jpg 300w, https:\/\/sarlsamc.fr\/wp-content\/uploads\/2024\/03\/Blocs-betons-3-768x576.jpg 768w, https:\/\/sarlsamc.fr\/wp-content\/uploads\/2024\/03\/Blocs-betons-3-1536x1152.jpg 1536w, https:\/\/sarlsamc.fr\/wp-content\/uploads\/2024\/03\/Blocs-betons-3-2048x1536.jpg 2048w\" sizes=\"(max-width: 1024px) 100vw, 1024px\" \/><\/figure>\n<\/div>\n\n\n\n<div class=\"wp-block-column is-vertically-aligned-center is-layout-flow wp-block-column-is-layout-flow\" style=\"flex-basis:50%\">\n<h2 class=\"wp-block-heading has-text-align-left has-neve-text-color-color has-text-color\">Vente <\/h2>\n\n\n\n<p class=\"has-text-align-left has-neve-text-color-color has-text-color\" style=\"font-size:17px\">Tous types de bungalows, blocs b\u00e9tons, containers, sanisette etc. <\/p>\n\n\n\n<div class=\"wp-block-buttons is-horizontal is-content-justification-left is-layout-flex wp-container-core-buttons-layout-1 wp-block-buttons-is-layout-flex\">\n<div class=\"wp-block-button is-style-primary\"><a class=\"wp-block-button__link wp-element-button\" href=\"https:\/\/sarlsamc.fr\/?page_id=312\">En savoir plus<\/a><\/div>\n<\/div>\n<\/div>\n<\/div>\n<\/div><\/div>\n<\/div><\/div>\n\n\n\n<div class=\"wp-block-cover alignfull\" style=\"min-height:600px\"><span aria-hidden=\"true\" class=\"wp-block-cover__background has-nv-site-bg-background-color has-background-dim-100 has-background-dim\"><\/span><div class=\"wp-block-cover__inner-container is-layout-flow wp-block-cover-is-layout-flow\">\n<div class=\"wp-block-group is-layout-flow wp-block-group-is-layout-flow\"><div class=\"wp-block-group__inner-container\">\n<div class=\"wp-block-columns are-vertically-aligned-center is-layout-flex wp-container-core-columns-layout-2 wp-block-columns-is-layout-flex\">\n<div class=\"wp-block-column is-vertically-aligned-center is-layout-flow wp-block-column-is-layout-flow\" style=\"flex-basis:50%\">\n<h2 class=\"wp-block-heading has-text-align-left has-neve-text-color-color has-text-color\">Location<\/h2>\n\n\n\n<p class=\"has-text-align-left has-neve-text-color-color has-text-color\" style=\"font-size:17px\">Diff\u00e9rents modules disponibles : sanitaire, vestiaire, bureau, r\u00e9fectoire et possibilit\u00e9 de personnalisation.<\/p>\n\n\n\n<div class=\"wp-block-buttons is-horizontal is-content-justification-left is-layout-flex wp-container-core-buttons-layout-2 wp-block-buttons-is-layout-flex\">\n<div class=\"wp-block-button is-style-primary\"><a class=\"wp-block-button__link wp-element-button\" href=\"https:\/\/sarlsamc.fr\/?page_id=69\">En savoir plus <\/a><\/div>\n<\/div>\n\n\n\n<div style=\"height:40px\" aria-hidden=\"true\" class=\"wp-block-spacer\"><\/div>\n<\/div>\n\n\n\n<div class=\"wp-block-column is-vertically-aligned-center is-layout-flow wp-block-column-is-layout-flow\" style=\"flex-basis:50%\">\n<figure class=\"wp-block-image size-large\"><img loading=\"lazy\" decoding=\"async\" width=\"1024\" height=\"768\" src=\"https:\/\/sarlsamc.fr\/wp-content\/uploads\/2024\/03\/Blocs-betons-1024x768.jpg\" alt=\"\" class=\"wp-image-423\" srcset=\"https:\/\/sarlsamc.fr\/wp-content\/uploads\/2024\/03\/Blocs-betons-1024x768.jpg 1024w, https:\/\/sarlsamc.fr\/wp-content\/uploads\/2024\/03\/Blocs-betons-300x225.jpg 300w, https:\/\/sarlsamc.fr\/wp-content\/uploads\/2024\/03\/Blocs-betons-768x576.jpg 768w, https:\/\/sarlsamc.fr\/wp-content\/uploads\/2024\/03\/Blocs-betons-1536x1152.jpg 1536w, https:\/\/sarlsamc.fr\/wp-content\/uploads\/2024\/03\/Blocs-betons-2048x1536.jpg 2048w\" sizes=\"(max-width: 1024px) 100vw, 1024px\" \/><figcaption class=\"wp-element-caption\">dv<\/figcaption><\/figure>\n<\/div>\n<\/div>\n\n\n\n<div style=\"height:0px\" aria-hidden=\"true\" class=\"wp-block-spacer\"><\/div>\n<\/div><\/div>\n<\/div><\/div>\n\n\n\n<div class=\"wp-block-cover alignfull\" style=\"min-height:300px\"><span aria-hidden=\"true\" class=\"wp-block-cover__background has-nv-dark-bg-background-color has-background-dim-100 has-background-dim\"><\/span><div class=\"wp-block-cover__inner-container is-layout-flow wp-block-cover-is-layout-flow\">\n<p><\/p>\n\n\n\n<p class=\"has-text-align-center has-nv-site-bg-color has-text-color has-link-color has-medium-font-size wp-elements-f1bc38b382a065e6a496a0411e5e1577\">SARL SAMC : Impasse Antoine VERNIERE 63500 Issoire <\/p>\n\n\n\n<p class=\"has-text-align-center has-nv-site-bg-color has-text-color has-link-color has-medium-font-size wp-elements-2a42e54338d1b5cc081db4bd1177e9f7\">06 43 65 20 27 <\/p>\n\n\n\n<p class=\"has-text-align-center has-nv-site-bg-color has-text-color has-link-color has-medium-font-size wp-elements-26b540a11347b600d31817f148a71cda\">Siret 84028638900019 l Capital social 20 000\u20ac             <\/p>\n<\/div><\/div>\n","protected":false},"excerpt":{"rendered":"<p>Location et vente de bungalows de chantier, de containers et de blocs b\u00e9tons (lego).<\/p>\n","protected":false},"author":1,"featured_media":27,"parent":0,"menu_order":0,"comment_status":"closed","ping_status":"closed","template":"","meta":{"_monsterinsights_skip_tracking":false,"_monsterinsights_sitenote_active":false,"_monsterinsights_sitenote_note":"","_monsterinsights_sitenote_category":0,"neve_meta_sidebar":"default","neve_meta_container":"default","neve_meta_enable_content_width":"on","neve_meta_content_width":100,"neve_meta_title_alignment":"","neve_meta_author_avatar":"","neve_post_elements_order":"","neve_meta_disable_header":"","neve_meta_disable_footer":"","neve_meta_disable_title":"on","_themeisle_gutenberg_block_has_review":false,"_ti_tpc_template_sync":false,"_ti_tpc_template_id":"5udqur826ojgsxrmsxsc","footnotes":""},"aioseo_notices":[],"_links":{"self":[{"href":"https:\/\/sarlsamc.fr\/index.php?rest_route=\/wp\/v2\/pages\/309"}],"collection":[{"href":"https:\/\/sarlsamc.fr\/index.php?rest_route=\/wp\/v2\/pages"}],"about":[{"href":"https:\/\/sarlsamc.fr\/index.php?rest_route=\/wp\/v2\/types\/page"}],"author":[{"embeddable":true,"href":"https:\/\/sarlsamc.fr\/index.php?rest_route=\/wp\/v2\/users\/1"}],"replies":[{"embeddable":true,"href":"https:\/\/sarlsamc.fr\/index.php?rest_route=%2Fwp%2Fv2%2Fcomments&post=309"}],"version-history":[{"count":23,"href":"https:\/\/sarlsamc.fr\/index.php?rest_route=\/wp\/v2\/pages\/309\/revisions"}],"predecessor-version":[{"id":551,"href":"https:\/\/sarlsamc.fr\/index.php?rest_route=\/wp\/v2\/pages\/309\/revisions\/551"}],"wp:featuredmedia":[{"embeddable":true,"href":"https:\/\/sarlsamc.fr\/index.php?rest_route=\/wp\/v2\/media\/27"}],"wp:attachment":[{"href":"https:\/\/sarlsamc.fr\/index.php?rest_route=%2Fwp%2Fv2%2Fmedia&parent=309"}],"curies":[{"name":"wp","href":"https:\/\/api.w.org\/{rel}","templated":true}]}}